{"id":20419,"date":"2026-02-23T22:34:44","date_gmt":"2026-02-23T22:34:44","guid":{"rendered":"https:\/\/www.karnasbaglari.com\/?page_id=20419"},"modified":"2026-02-23T23:05:14","modified_gmt":"2026-02-23T23:05:14","slug":"hakkimizda","status":"publish","type":"page","link":"https:\/\/www.karnasbaglari.com\/tr\/hakkimizda\/","title":{"rendered":"Hakk\u0131m\u0131zda"},"content":{"rendered":"\t\t<div data-elementor-type=\"wp-page\" data-elementor-id=\"20419\" class=\"elementor elementor-20419\">\n\t\t\t\t\t\t<section class=\"elementor-section elementor-top-section elementor-element elementor-element-4b041a2 elementor-section-stretched elementor-section-boxed elementor-section-height-default elementor-section-height-default sc_fly_static\" data-id=\"4b041a2\" data-element_type=\"section\" data-e-type=\"section\" data-settings=\"{&quot;stretch_section&quot;:&quot;section-stretched&quot;,&quot;background_background&quot;:&quot;classic&quot;}\">\n\t\t\t\t\t\t<div class=\"elementor-container elementor-column-gap-extended\">\n\t\t\t\t\t<div class=\"elementor-column elementor-col-100 elementor-top-column elementor-element elementor-element-4c692d1 sc_content_align_inherit sc_layouts_column_icons_position_left sc_fly_static\" data-id=\"4c692d1\" data-element_type=\"column\" data-e-type=\"column\">\n\t\t\t<div class=\"elementor-widget-wrap elementor-element-populated\">\n\t\t\t\t\t\t<div class=\"elementor-element elementor-element-e1a64f2 sc_height_huge sc_fly_static elementor-widget elementor-widget-spacer\" data-id=\"e1a64f2\" data-element_type=\"widget\" data-e-type=\"widget\" data-widget_type=\"spacer.default\">\n\t\t\t\t<div class=\"elementor-widget-container\">\n\t\t\t\t\t\t\t<div class=\"elementor-spacer\">\n\t\t\t<div class=\"elementor-spacer-inner\"><\/div>\n\t\t<\/div>\n\t\t\t\t\t\t<\/div>\n\t\t\t\t<\/div>\n\t\t\t\t\t<\/div>\n\t\t<\/div>\n\t\t\t\t\t<\/div>\n\t\t<\/section>\n\t\t\t\t<section class=\"elementor-section elementor-top-section elementor-element elementor-element-7409263 elementor-section-stretched elementor-section-content-middle scheme_light elementor-section-boxed elementor-section-height-default elementor-section-height-default sc_fly_static\" data-id=\"7409263\" data-element_type=\"section\" data-e-type=\"section\" data-settings=\"{&quot;stretch_section&quot;:&quot;section-stretched&quot;,&quot;background_background&quot;:&quot;classic&quot;}\">\n\t\t\t\t\t\t<div class=\"elementor-container elementor-column-gap-extended\">\n\t\t\t\t\t<div class=\"elementor-column elementor-col-50 elementor-top-column elementor-element elementor-element-214ba099 sc_content_align_inherit sc_layouts_column_icons_position_left sc_fly_static\" data-id=\"214ba099\" data-element_type=\"column\" data-e-type=\"column\">\n\t\t\t<div class=\"elementor-widget-wrap elementor-element-populated\">\n\t\t\t\t\t\t<section class=\"elementor-section elementor-inner-section elementor-element elementor-element-a64b8c0 elementor-section-content-bottom elementor-section-boxed elementor-section-height-default elementor-section-height-default sc_fly_static\" data-id=\"a64b8c0\" data-element_type=\"section\" data-e-type=\"section\">\n\t\t\t\t\t\t<div class=\"elementor-container elementor-column-gap-no\">\n\t\t\t\t\t<div class=\"elementor-column elementor-col-100 elementor-inner-column elementor-element elementor-element-64c70c3 sc_content_align_inherit sc_layouts_column_icons_position_left sc_fly_static\" data-id=\"64c70c3\" data-element_type=\"column\" data-e-type=\"column\">\n\t\t\t<div class=\"elementor-widget-wrap elementor-element-populated\">\n\t\t\t\t\t\t<div class=\"elementor-element elementor-element-78f5b3ae elementor-widget__width-auto no-title sc_fly_static elementor-widget elementor-widget-image\" data-id=\"78f5b3ae\" data-element_type=\"widget\" data-e-type=\"widget\" data-widget_type=\"image.default\">\n\t\t\t\t<div class=\"elementor-widget-container\">\n\t\t\t\t\t\t\t\t\t\t\t\t<figure class=\"wp-caption\">\n\t\t\t\t\t\t\t\t\t\t<img decoding=\"async\" src=\"https:\/\/www.karnasbaglari.com\/wp-content\/uploads\/elementor\/thumbs\/IMG_9944-2-scaled-e1734008212256-qyefcxy4kuqkarx0de7n7rh9q5ovlzsc4xsfll4b9w.jpg\" title=\"\" alt=\"\" loading=\"lazy\" \/>\t\t\t\t\t\t\t\t\t\t\t<figcaption class=\"widget-image-caption wp-caption-text\"><\/figcaption>\n\t\t\t\t\t\t\t\t\t\t<\/figure>\n\t\t\t\t\t\t\t\t\t<\/div>\n\t\t\t\t<\/div>\n\t\t\t\t<div class=\"elementor-element elementor-element-e7abb40 scheme_dark elementor-widget__width-initial elementor-absolute sc_fly_static elementor-widget elementor-widget-heading\" data-id=\"e7abb40\" data-element_type=\"widget\" data-e-type=\"widget\" data-settings=\"{&quot;_position&quot;:&quot;absolute&quot;}\" data-widget_type=\"heading.default\">\n\t\t\t\t<div class=\"elementor-widget-container\">\n\t\t\t\t\t<h3 class=\"elementor-heading-title elementor-size-default\">\u015earap E\u015fli\u011finde Gurme Bir Lezzet Deneyimi Ya\u015fay\u0131n.<\/h3>\t\t\t\t<\/div>\n\t\t\t\t<\/div>\n\t\t\t\t\t<\/div>\n\t\t<\/div>\n\t\t\t\t\t<\/div>\n\t\t<\/section>\n\t\t\t\t\t<\/div>\n\t\t<\/div>\n\t\t\t\t<div class=\"elementor-column elementor-col-50 elementor-top-column elementor-element elementor-element-6122ba27 sc_content_align_inherit sc_layouts_column_icons_position_left sc_fly_static\" data-id=\"6122ba27\" data-element_type=\"column\" data-e-type=\"column\">\n\t\t\t<div class=\"elementor-widget-wrap elementor-element-populated\">\n\t\t\t\t\t\t<div class=\"elementor-element elementor-element-4b6a7262 sc_fly_static elementor-widget elementor-widget-trx_sc_title\" data-id=\"4b6a7262\" data-element_type=\"widget\" data-e-type=\"widget\" data-widget_type=\"trx_sc_title.default\">\n\t\t\t\t<div class=\"elementor-widget-container\">\n\t\t\t\t\t<div\t\tclass=\"sc_title sc_title_shadow\" ><h1 class=\"sc_item_title sc_title_title sc_item_title_style_shadow sc_item_title_tag\"\n\t\t\t><span class=\"sc_item_title_inner\"><span class=\"sc_item_subtitle sc_title_subtitle sc_align_center sc_item_subtitle_above sc_item_title_style_shadow\">Karnas<\/span><span class=\"sc_item_title_text\">Karnas Ba\u011flar\u0131<\/span><\/span><\/h1><\/div>\t\t\t\t<\/div>\n\t\t\t\t<\/div>\n\t\t\t\t<div class=\"elementor-element elementor-element-53767c3d sc_fly_static elementor-widget elementor-widget-spacer\" data-id=\"53767c3d\" data-element_type=\"widget\" data-e-type=\"widget\" data-widget_type=\"spacer.default\">\n\t\t\t\t<div class=\"elementor-widget-container\">\n\t\t\t\t\t\t\t<div class=\"elementor-spacer\">\n\t\t\t<div class=\"elementor-spacer-inner\"><\/div>\n\t\t<\/div>\n\t\t\t\t\t\t<\/div>\n\t\t\t\t<\/div>\n\t\t\t\t<div class=\"elementor-element elementor-element-6fdd7cf3 sc_fly_static elementor-widget elementor-widget-text-editor\" data-id=\"6fdd7cf3\" data-element_type=\"widget\" data-e-type=\"widget\" data-widget_type=\"text-editor.default\">\n\t\t\t\t<div class=\"elementor-widget-container\">\n\t\t\t\t\t\t\t\t\t<div class=\"flex max-w-full flex-col flex-grow\"><div class=\"min-h-8 text-message flex w-full flex-col items-end gap-2 whitespace-normal break-words text-start [.text-message+&amp;]:mt-5\" dir=\"auto\" data-message-author-role=\"assistant\" data-message-id=\"5261f5a6-5b6a-4565-b612-e078abe916ad\" data-message-model-slug=\"gpt-4o\"><div class=\"flex w-full flex-col gap-1 empty:hidden first:pt-[3px]\"><div class=\"markdown prose w-full break-words dark:prose-invert dark\"><p>B\u00f6lgenin lezzetlerinden ilham alan \u00f6zel tatlar sunan, mevsime g\u00f6re de\u011fi\u015fen men\u00fcm\u00fcz; organik ve yerel kaynaklardan temin edilen \u00fcr\u00fcnlerle haz\u0131rlan\u0131r. Bu \u00fcr\u00fcnlerin b\u00fcy\u00fck bir k\u0131sm\u0131 ise do\u011frudan kendi arazimizde yeti\u015ftirilmektedir.<\/p><p>\u201cBirlikte yeti\u015fen, birlikte yak\u0131\u015f\u0131r\u201d felsefesini benimseyerek, \u015farap deneyiminizi zenginle\u015ftiren tabaklar etraf\u0131nda \u015fekillenen, ferahlat\u0131c\u0131 bir tad\u0131m deneyimi sunuyoruz.<\/p><p>Ayr\u0131ca Slow Food Cook\u2019s Alliance \u00fcyesi olarak, biyolojik \u00e7e\u015fitlili\u011fi g\u00f6zeten s\u00fcrd\u00fcr\u00fclebilir men\u00fcler haz\u0131rlamaya \u00f6zellikle \u00f6zen g\u00f6steriyoruz.<\/p><\/div><\/div><\/div><\/div>\t\t\t\t\t\t\t\t<\/div>\n\t\t\t\t<\/div>\n\t\t\t\t<div class=\"elementor-element elementor-element-29483c1d sc_height_small sc_fly_static elementor-widget elementor-widget-spacer\" data-id=\"29483c1d\" data-element_type=\"widget\" data-e-type=\"widget\" data-widget_type=\"spacer.default\">\n\t\t\t\t<div class=\"elementor-widget-container\">\n\t\t\t\t\t\t\t<div class=\"elementor-spacer\">\n\t\t\t<div class=\"elementor-spacer-inner\"><\/div>\n\t\t<\/div>\n\t\t\t\t\t\t<\/div>\n\t\t\t\t<\/div>\n\t\t\t\t<div class=\"elementor-element elementor-element-724f1781 sc_fly_static elementor-widget elementor-widget-heading\" data-id=\"724f1781\" data-element_type=\"widget\" data-e-type=\"widget\" data-widget_type=\"heading.default\">\n\t\t\t\t<div class=\"elementor-widget-container\">\n\t\t\t\t\t<h5 class=\"elementor-heading-title elementor-size-default\"><span style=\"font-weight: 300;color: #A5A6AA;margin-right: 15px\">01.<\/span> Sabit Men\u00fc<\/h5>\t\t\t\t<\/div>\n\t\t\t\t<\/div>\n\t\t\t\t<div class=\"elementor-element elementor-element-5d414e94 elementor-widget-divider--view-line sc_fly_static elementor-widget elementor-widget-divider\" data-id=\"5d414e94\" data-element_type=\"widget\" data-e-type=\"widget\" data-widget_type=\"divider.default\">\n\t\t\t\t<div class=\"elementor-widget-container\">\n\t\t\t\t\t\t\t<div class=\"elementor-divider\">\n\t\t\t<span class=\"elementor-divider-separator\">\n\t\t\t\t\t\t<\/span>\n\t\t<\/div>\n\t\t\t\t\t\t<\/div>\n\t\t\t\t<\/div>\n\t\t\t\t<div class=\"elementor-element elementor-element-3047a8d8 sc_fly_static elementor-widget elementor-widget-heading\" data-id=\"3047a8d8\" data-element_type=\"widget\" data-e-type=\"widget\" data-widget_type=\"heading.default\">\n\t\t\t\t<div class=\"elementor-widget-container\">\n\t\t\t\t\t<h5 class=\"elementor-heading-title elementor-size-default\"><span style=\"font-weight: 300;color: #A5A6AA;margin-right: 15px\">02.<\/span> Tad\u0131m Men\u00fc<\/h5>\t\t\t\t<\/div>\n\t\t\t\t<\/div>\n\t\t\t\t<div class=\"elementor-element elementor-element-58e46b4 elementor-widget-divider--view-line sc_fly_static elementor-widget elementor-widget-divider\" data-id=\"58e46b4\" data-element_type=\"widget\" data-e-type=\"widget\" data-widget_type=\"divider.default\">\n\t\t\t\t<div class=\"elementor-widget-container\">\n\t\t\t\t\t\t\t<div class=\"elementor-divider\">\n\t\t\t<span class=\"elementor-divider-separator\">\n\t\t\t\t\t\t<\/span>\n\t\t<\/div>\n\t\t\t\t\t\t<\/div>\n\t\t\t\t<\/div>\n\t\t\t\t<div class=\"elementor-element elementor-element-7a0141a sc_fly_static elementor-widget elementor-widget-heading\" data-id=\"7a0141a\" data-element_type=\"widget\" data-e-type=\"widget\" data-widget_type=\"heading.default\">\n\t\t\t\t<div class=\"elementor-widget-container\">\n\t\t\t\t\t<h5 class=\"elementor-heading-title elementor-size-default\"><span style=\"font-weight: 300;color: #A5A6AA;margin-right: 15px\">03.<\/span> Alakart Menu<\/h5>\t\t\t\t<\/div>\n\t\t\t\t<\/div>\n\t\t\t\t<div class=\"elementor-element elementor-element-58a34973 sc_height_small sc_fly_static elementor-widget elementor-widget-spacer\" data-id=\"58a34973\" data-element_type=\"widget\" data-e-type=\"widget\" data-widget_type=\"spacer.default\">\n\t\t\t\t<div class=\"elementor-widget-container\">\n\t\t\t\t\t\t\t<div class=\"elementor-spacer\">\n\t\t\t<div class=\"elementor-spacer-inner\"><\/div>\n\t\t<\/div>\n\t\t\t\t\t\t<\/div>\n\t\t\t\t<\/div>\n\t\t\t\t<div class=\"elementor-element elementor-element-53369a5f sc_fly_static elementor-widget elementor-widget-trx_sc_button\" data-id=\"53369a5f\" data-element_type=\"widget\" data-e-type=\"widget\" data-widget_type=\"trx_sc_button.default\">\n\t\t\t\t<div class=\"elementor-widget-container\">\n\t\t\t\t\t<div\tclass=\"sc_item_button sc_button_wrap\" ><a href=\"https:\/\/www.karnasbaglari.com\/product-category\/rezervasyon-secenekleri\/\" class=\"sc_button sc_button_decoration sc_button_size_normal sc_button_icon_left\" ><span class=\"sc_button_text\"><span class=\"sc_button_title\">Rezervasyon<\/span><\/span><\/a><\/div>\t\t\t\t<\/div>\n\t\t\t\t<\/div>\n\t\t\t\t\t<\/div>\n\t\t<\/div>\n\t\t\t\t\t<\/div>\n\t\t<\/section>\n\t\t\t\t<section class=\"elementor-section elementor-top-section elementor-element elementor-element-aacc022 elementor-section-stretched elementor-section-boxed elementor-section-height-default elementor-section-height-default sc_fly_static\" data-id=\"aacc022\" data-element_type=\"section\" data-e-type=\"section\" data-settings=\"{&quot;stretch_section&quot;:&quot;section-stretched&quot;,&quot;background_background&quot;:&quot;classic&quot;}\">\n\t\t\t\t\t\t<div class=\"elementor-container elementor-column-gap-extended\">\n\t\t\t\t\t<div class=\"elementor-column elementor-col-100 elementor-top-column elementor-element elementor-element-d700152 sc_content_align_inherit sc_layouts_column_icons_position_left sc_fly_static\" data-id=\"d700152\" data-element_type=\"column\" data-e-type=\"column\">\n\t\t\t<div class=\"elementor-widget-wrap elementor-element-populated\">\n\t\t\t\t\t\t<div class=\"elementor-element elementor-element-76ac912 sc_height_huge sc_fly_static elementor-widget elementor-widget-spacer\" data-id=\"76ac912\" data-element_type=\"widget\" data-e-type=\"widget\" data-widget_type=\"spacer.default\">\n\t\t\t\t<div class=\"elementor-widget-container\">\n\t\t\t\t\t\t\t<div class=\"elementor-spacer\">\n\t\t\t<div class=\"elementor-spacer-inner\"><\/div>\n\t\t<\/div>\n\t\t\t\t\t\t<\/div>\n\t\t\t\t<\/div>\n\t\t\t\t\t<\/div>\n\t\t<\/div>\n\t\t\t\t\t<\/div>\n\t\t<\/section>\n\t\t\t\t<section class=\"elementor-section elementor-top-section elementor-element elementor-element-2c124659 elementor-section-stretched elementor-section-boxed elementor-section-height-default elementor-section-height-default sc_fly_static\" data-id=\"2c124659\" data-element_type=\"section\" data-e-type=\"section\" data-settings=\"{&quot;stretch_section&quot;:&quot;section-stretched&quot;}\">\n\t\t\t\t\t\t<div class=\"elementor-container elementor-column-gap-extended\">\n\t\t\t\t\t<div class=\"elementor-column elementor-col-100 elementor-top-column elementor-element elementor-element-3dc4ffae sc_content_align_inherit sc_layouts_column_icons_position_left sc_fly_static\" data-id=\"3dc4ffae\" data-element_type=\"column\" data-e-type=\"column\">\n\t\t\t<div class=\"elementor-widget-wrap elementor-element-populated\">\n\t\t\t\t\t\t<div class=\"elementor-element elementor-element-7bd6fa6c sc_height_huge sc_fly_static elementor-widget elementor-widget-spacer\" data-id=\"7bd6fa6c\" data-element_type=\"widget\" data-e-type=\"widget\" data-widget_type=\"spacer.default\">\n\t\t\t\t<div class=\"elementor-widget-container\">\n\t\t\t\t\t\t\t<div class=\"elementor-spacer\">\n\t\t\t<div class=\"elementor-spacer-inner\"><\/div>\n\t\t<\/div>\n\t\t\t\t\t\t<\/div>\n\t\t\t\t<\/div>\n\t\t\t\t<div class=\"elementor-element elementor-element-15db93fe sc_fly_static elementor-widget elementor-widget-trx_sc_services\" data-id=\"15db93fe\" data-element_type=\"widget\" data-e-type=\"widget\" data-widget_type=\"trx_sc_services.default\">\n\t\t\t\t<div class=\"elementor-widget-container\">\n\t\t\t\t\t<div class=\"sc_services sc_services_qw-card sc_services_featured_top\"><span class=\"sc_item_subtitle sc_services_subtitle sc_align_center sc_item_subtitle_above sc_item_title_style_icon_bottom\">Hizmetlerimiz<\/span><h1 class=\"sc_item_title sc_services_title sc_align_center sc_item_title_style_icon_bottom sc_item_title_tag\"\n\t\t\t><span class=\"sc_item_title_text\">Karnas\u2019ta <br> Unutulmaz Deneyimler <\/span><\/h1><div class=\"sc_services_columns_wrap sc_item_columns sc_item_posts_container sc_item_columns_3 trx_addons_columns_wrap columns_padding_bottom columns_in_single_row\"><div class=\"trx_addons_column-1_3\"><div data-post-id=\"20374\" class=\"sc_services_item sc_item_container post_container without_content with_image sc_services_item_featured_top post-20374 cpt_services type-cpt_services status-publish has-post-thumbnail hentry cpt_services_group-ne-yapiyoruz\" data-item-number=\"1\"\n>\n\t\t\n\n\t\t<div class=\"sc_services_item_header\">\n\t\t<h4 class=\"sc_services_item_title entry-title\"><a href=\"https:\/\/www.karnasbaglari.com\/tr\/services\/alakart-menu\/\">Alakart Men\u00fc<\/a><\/h4>\n\t\t\t\t\t<\/div>\n\t\t<div class=\"post_featured with_thumb hover_link sc_services_item_thumb\"><img fetchpriority=\"high\" decoding=\"async\" width=\"890\" height=\"664\" src=\"https:\/\/www.karnasbaglari.com\/wp-content\/uploads\/2020\/04\/IMG_1109-1-890x664.jpg\" class=\"attachment-wineshop-thumb-square size-wineshop-thumb-square wp-post-image\" alt=\"\" srcset=\"https:\/\/www.karnasbaglari.com\/wp-content\/uploads\/2020\/04\/IMG_1109-1-890x664.jpg 890w, https:\/\/www.karnasbaglari.com\/wp-content\/uploads\/2020\/04\/IMG_1109-1-300x225.jpg 300w\" sizes=\"(max-width: 890px) 100vw, 890px\" \/>\t\t\t\t\t\t<div class=\"mask\"><\/div>\n\t\t\t\t\t\t<a class=\"post_link sc_services_item_link\" href=\"https:\/\/www.karnasbaglari.com\/tr\/services\/alakart-menu\/\"><\/a>\t\t\t<a href=\"https:\/\/www.karnasbaglari.com\/tr\/services\/alakart-menu\/\"  aria-hidden=\"true\" class=\"link\"><\/a>\n\t\t\t<\/div>\t\t<div class=\"sc_services_item_info\"><div class=\"sc_services_item_button sc_item_button\">\n\t\t\t\t<a href=\"https:\/\/www.karnasbaglari.com\/tr\/services\/alakart-menu\/\" class=\"sc_services_item_more_link\">\n\t\t\t\t\t<span class=\"link_text\">Daha Fazla<\/span><span class=\"link_icon\"><\/span>\n\t\t\t\t<\/a>\n\t\t\t\t<\/div><\/div><a class=\"sc_services_item_link\" href=\"https:\/\/www.karnasbaglari.com\/tr\/services\/alakart-menu\/\"><\/a><\/div>\n<\/div><div class=\"trx_addons_column-1_3\"><div data-post-id=\"20368\" class=\"sc_services_item sc_item_container post_container without_content with_image sc_services_item_featured_top post-20368 cpt_services type-cpt_services status-publish has-post-thumbnail hentry cpt_services_group-ne-yapiyoruz\" data-item-number=\"2\"\n>\n\t\t\n\n\t\t<div class=\"sc_services_item_header\">\n\t\t<h4 class=\"sc_services_item_title entry-title\"><a href=\"https:\/\/www.karnasbaglari.com\/tr\/services\/tadim-menusu\/\">Tad\u0131m Men\u00fcs\u00fc<\/a><\/h4>\n\t\t\t\t\t<\/div>\n\t\t<div class=\"post_featured with_thumb hover_link sc_services_item_thumb\"><img decoding=\"async\" width=\"890\" height=\"664\" src=\"https:\/\/www.karnasbaglari.com\/wp-content\/uploads\/2020\/04\/YNSS6152-1-890x664.jpg\" class=\"attachment-wineshop-thumb-square size-wineshop-thumb-square wp-post-image\" alt=\"\" \/>\t\t\t\t\t\t<div class=\"mask\"><\/div>\n\t\t\t\t\t\t<a class=\"post_link sc_services_item_link\" href=\"https:\/\/www.karnasbaglari.com\/tr\/services\/tadim-menusu\/\"><\/a>\t\t\t<a href=\"https:\/\/www.karnasbaglari.com\/tr\/services\/tadim-menusu\/\"  aria-hidden=\"true\" class=\"link\"><\/a>\n\t\t\t<\/div>\t\t<div class=\"sc_services_item_info\"><div class=\"sc_services_item_button sc_item_button\">\n\t\t\t\t<a href=\"https:\/\/www.karnasbaglari.com\/tr\/services\/tadim-menusu\/\" class=\"sc_services_item_more_link\">\n\t\t\t\t\t<span class=\"link_text\">Daha Fazla<\/span><span class=\"link_icon\"><\/span>\n\t\t\t\t<\/a>\n\t\t\t\t<\/div><\/div><a class=\"sc_services_item_link\" href=\"https:\/\/www.karnasbaglari.com\/tr\/services\/tadim-menusu\/\"><\/a><\/div>\n<\/div><div class=\"trx_addons_column-1_3\"><div data-post-id=\"20362\" class=\"sc_services_item sc_item_container post_container without_content with_image sc_services_item_featured_top post-20362 cpt_services type-cpt_services status-publish has-post-thumbnail hentry cpt_services_group-ne-yapiyoruz\" data-item-number=\"3\"\n>\n\t\t\n\n\t\t<div class=\"sc_services_item_header\">\n\t\t<h4 class=\"sc_services_item_title entry-title\"><a href=\"https:\/\/www.karnasbaglari.com\/tr\/services\/set-menu-tr\/\">Set Men\u00fc<\/a><\/h4>\n\t\t\t\t\t<\/div>\n\t\t<div class=\"post_featured with_thumb hover_link sc_services_item_thumb\"><img decoding=\"async\" width=\"890\" height=\"664\" src=\"https:\/\/www.karnasbaglari.com\/wp-content\/uploads\/2020\/04\/YNSS5615-1-890x664.jpg\" class=\"attachment-wineshop-thumb-square size-wineshop-thumb-square wp-post-image\" alt=\"\" \/>\t\t\t\t\t\t<div class=\"mask\"><\/div>\n\t\t\t\t\t\t<a class=\"post_link sc_services_item_link\" href=\"https:\/\/www.karnasbaglari.com\/tr\/services\/set-menu-tr\/\"><\/a>\t\t\t<a href=\"https:\/\/www.karnasbaglari.com\/tr\/services\/set-menu-tr\/\"  aria-hidden=\"true\" class=\"link\"><\/a>\n\t\t\t<\/div>\t\t<div class=\"sc_services_item_info\"><div class=\"sc_services_item_button sc_item_button\">\n\t\t\t\t<a href=\"https:\/\/www.karnasbaglari.com\/tr\/services\/set-menu-tr\/\" class=\"sc_services_item_more_link\">\n\t\t\t\t\t<span class=\"link_text\">Daha Fazla<\/span><span class=\"link_icon\"><\/span>\n\t\t\t\t<\/a>\n\t\t\t\t<\/div><\/div><a class=\"sc_services_item_link\" href=\"https:\/\/www.karnasbaglari.com\/tr\/services\/set-menu-tr\/\"><\/a><\/div>\n<\/div><\/div><\/div>\t\t\t\t<\/div>\n\t\t\t\t<\/div>\n\t\t\t\t<div class=\"elementor-element elementor-element-70281130 sc_height_huge sc_fly_static elementor-widget elementor-widget-spacer\" data-id=\"70281130\" data-element_type=\"widget\" data-e-type=\"widget\" data-widget_type=\"spacer.default\">\n\t\t\t\t<div class=\"elementor-widget-container\">\n\t\t\t\t\t\t\t<div class=\"elementor-spacer\">\n\t\t\t<div class=\"elementor-spacer-inner\"><\/div>\n\t\t<\/div>\n\t\t\t\t\t\t<\/div>\n\t\t\t\t<\/div>\n\t\t\t\t\t<\/div>\n\t\t<\/div>\n\t\t\t\t\t<\/div>\n\t\t<\/section>\n\t\t\t\t<\/div>\n\t\t","protected":false},"excerpt":{"rendered":"<p>\u015earap E\u015fli\u011finde Gurme Bir Lezzet Deneyimi Ya\u015fay\u0131n. KarnasKarnas Ba\u011flar\u0131 B\u00f6lgenin lezzetlerinden ilham alan \u00f6zel tatlar sunan, mevsime g\u00f6re de\u011fi\u015fen men\u00fcm\u00fcz; organik ve yerel kaynaklardan temin edilen \u00fcr\u00fcnlerle haz\u0131rlan\u0131r. Bu \u00fcr\u00fcnlerin&hellip;<\/p>","protected":false},"author":1,"featured_media":0,"parent":0,"menu_order":0,"comment_status":"closed","ping_status":"closed","template":"","meta":{"footnotes":""},"class_list":["post-20419","page","type-page","status-publish","hentry"],"_links":{"self":[{"href":"https:\/\/www.karnasbaglari.com\/tr\/wp-json\/wp\/v2\/pages\/20419","targetHints":{"allow":["GET"]}}],"collection":[{"href":"https:\/\/www.karnasbaglari.com\/tr\/wp-json\/wp\/v2\/pages"}],"about":[{"href":"https:\/\/www.karnasbaglari.com\/tr\/wp-json\/wp\/v2\/types\/page"}],"author":[{"embeddable":true,"href":"https:\/\/www.karnasbaglari.com\/tr\/wp-json\/wp\/v2\/users\/1"}],"replies":[{"embeddable":true,"href":"https:\/\/www.karnasbaglari.com\/tr\/wp-json\/wp\/v2\/comments?post=20419"}],"version-history":[{"count":15,"href":"https:\/\/www.karnasbaglari.com\/tr\/wp-json\/wp\/v2\/pages\/20419\/revisions"}],"predecessor-version":[{"id":20453,"href":"https:\/\/www.karnasbaglari.com\/tr\/wp-json\/wp\/v2\/pages\/20419\/revisions\/20453"}],"wp:attachment":[{"href":"https:\/\/www.karnasbaglari.com\/tr\/wp-json\/wp\/v2\/media?parent=20419"}],"curies":[{"name":"wp","href":"https:\/\/api.w.org\/{rel}","templated":true}]}}