{"id":20466,"date":"2026-02-23T23:51:18","date_gmt":"2026-02-23T23:51:18","guid":{"rendered":"https:\/\/www.karnasbaglari.com\/?page_id=20466"},"modified":"2026-02-24T02:54:43","modified_gmt":"2026-02-24T02:54:43","slug":"iletisim","status":"publish","type":"page","link":"https:\/\/www.karnasbaglari.com\/tr\/iletisim\/","title":{"rendered":"\u0130leti\u015fim"},"content":{"rendered":"<div data-elementor-type=\"wp-page\" data-elementor-id=\"20466\" class=\"elementor elementor-20466\">\n\t\t\t\t\t\t<section class=\"elementor-section elementor-top-section elementor-element elementor-element-3fe70f20 elementor-section-boxed elementor-section-height-default elementor-section-height-default sc_fly_static\" data-id=\"3fe70f20\" data-element_type=\"section\" data-e-type=\"section\">\n\t\t\t\t\t\t<div class=\"elementor-container elementor-column-gap-extended\">\n\t\t\t\t\t<div class=\"elementor-column elementor-col-100 elementor-top-column elementor-element elementor-element-52ded2c8 sc_content_align_inherit sc_layouts_column_icons_position_left sc_fly_static\" data-id=\"52ded2c8\" data-element_type=\"column\" data-e-type=\"column\">\n\t\t\t<div class=\"elementor-widget-wrap elementor-element-populated\">\n\t\t\t\t\t\t<section class=\"elementor-section elementor-inner-section elementor-element elementor-element-6c70e2de elementor-section-boxed elementor-section-height-default elementor-section-height-default sc_fly_static\" data-id=\"6c70e2de\" data-element_type=\"section\" data-e-type=\"section\">\n\t\t\t\t\t\t<div class=\"elementor-container elementor-column-gap-no\">\n\t\t\t\t\t<div class=\"elementor-column elementor-col-100 elementor-inner-column elementor-element elementor-element-20d0862a sc_content_align_inherit sc_layouts_column_icons_position_left sc_fly_static\" data-id=\"20d0862a\" data-element_type=\"column\" data-e-type=\"column\">\n\t\t\t<div class=\"elementor-widget-wrap elementor-element-populated\">\n\t\t\t\t\t\t<div class=\"elementor-element elementor-element-2721cf8c sc_fly_static elementor-widget elementor-widget-trx_sc_icons\" data-id=\"2721cf8c\" data-element_type=\"widget\" data-e-type=\"widget\" data-widget_type=\"trx_sc_icons.default\">\n\t\t\t\t<div class=\"elementor-widget-container\">\n\t\t\t\t\t<div \tclass=\"sc_icons sc_icons_plain sc_icons_size_small sc_align_center\" ><div class=\"sc_icons_columns_wrap sc_item_columns trx_addons_columns_wrap columns_padding_bottom columns_in_single_row\" ><div class=\"trx_addons_column-1_3\"><div class=\"sc_icons_item\"><div class=\"sc_icons_icon sc_icon_type_ icon-wall-clock\" style=\"color: #9F2348\" ><span class=\"sc_icon_type_ icon-wall-clock\" style=\"color: #9F2348\"><\/span><\/div><div class=\"sc_icons_item_details\"><h4 class=\"sc_icons_item_title\"><span>Hizmet Saatleri<\/span><\/h4><div class=\"sc_icons_item_description\"><span>Sal\u0131-Pazar: 00:30 - 23:00<\/span><span>Pazartesi: Kapal\u0131<\/span><\/div><\/div><\/div><\/div><div class=\"trx_addons_column-1_3\"><div class=\"sc_icons_item sc_icons_item_linked with_more\"><div class=\"sc_icons_icon sc_icon_type_ icon-location-1\" style=\"color: #9F2348\" ><span class=\"sc_icon_type_ icon-location-1\" style=\"color: #9F2348\"><\/span><\/div><div class=\"sc_icons_item_details\"><h4 class=\"sc_icons_item_title\"><a href=\"https:\/\/www.google.com\/maps?gs_lcrp=EgZjaHJvbWUqEggDEC4YJxivARjHARiABBiKBTIGCAAQRRg8MgYIARBFGDwyBggCEEUYPDISCAMQLhgnGK8BGMcBGIAEGIoFMgYIBBBFGDkyDQgFEC4YrwEYxwEYgAQyBwgGEAAYgAQyDQgHEC4YxwEY0QMYgATSAQg2NzI2ajBqNKgCALACAQ&#038;um=1&#038;ie=UTF-8&#038;fb=1&#038;gl=tr&#038;sa=X&#038;geocode=KWshq2r7W74UMXNdAYZoayzm&#038;daddr=%C3%87%C3%B6mlek%C3%A7i+Sokak+No:400,+48400+Bodrum\/Mu%C4%9Fla\">\n                                    Adres                                    <\/a><\/h4><div class=\"sc_icons_item_description\"><span>\u00c7\u00f6mlek\u00e7i Sokak No:400, 48400<br> Bodrum\/Mu\u011fla<\/span><\/div><a href=\"https:\/\/www.google.com\/maps?gs_lcrp=EgZjaHJvbWUqEggDEC4YJxivARjHARiABBiKBTIGCAAQRRg8MgYIARBFGDwyBggCEEUYPDISCAMQLhgnGK8BGMcBGIAEGIoFMgYIBBBFGDkyDQgFEC4YrwEYxwEYgAQyBwgGEAAYgAQyDQgHEC4YxwEY0QMYgATSAQg2NzI2ajBqNKgCALACAQ&#038;um=1&#038;ie=UTF-8&#038;fb=1&#038;gl=tr&#038;sa=X&#038;geocode=KWshq2r7W74UMXNdAYZoayzm&#038;daddr=%C3%87%C3%B6mlek%C3%A7i+Sokak+No:400,+48400+Bodrum\/Mu%C4%9Fla\" class=\"sc_icons_item_more_link\">\n                        <span class=\"link_text\">Konuma Git<\/span><span class=\"link_icon\"><\/span>\n                        <\/a><a href=\"https:\/\/www.google.com\/maps?gs_lcrp=EgZjaHJvbWUqEggDEC4YJxivARjHARiABBiKBTIGCAAQRRg8MgYIARBFGDwyBggCEEUYPDISCAMQLhgnGK8BGMcBGIAEGIoFMgYIBBBFGDkyDQgFEC4YrwEYxwEYgAQyBwgGEAAYgAQyDQgHEC4YxwEY0QMYgATSAQg2NzI2ajBqNKgCALACAQ&#038;um=1&#038;ie=UTF-8&#038;fb=1&#038;gl=tr&#038;sa=X&#038;geocode=KWshq2r7W74UMXNdAYZoayzm&#038;daddr=%C3%87%C3%B6mlek%C3%A7i+Sokak+No:400,+48400+Bodrum\/Mu%C4%9Fla\"\n                        class=\"sc_icons_item_link\">\n                        <\/a><\/div><\/div><\/div><div class=\"trx_addons_column-1_3\"><div class=\"sc_icons_item sc_icons_item_linked with_more\"><div class=\"sc_icons_icon sc_icon_type_ icon-group-2438\" style=\"color: #9F2348\" ><span class=\"sc_icon_type_ icon-group-2438\" style=\"color: #9F2348\"><\/span><\/div><div class=\"sc_icons_item_details\"><h4 class=\"sc_icons_item_title\"><a href=\"#map\">\n                                    \u0130leti\u015fime Ge\u00e7                                    <\/a><\/h4><div class=\"sc_icons_item_description\"><span>Telefon: <a href=\"tel:+90 533 935 47 62\">+90 533 935 47 62<\/a><\/span><span>E-posta: <a href=\"mailto:book@karnasvineyards.com\">book@karnasvineyards.com<\/a><\/span><\/div><a href=\"#map\" class=\"sc_icons_item_more_link\">\n                        <span class=\"link_text\">\u0130leti\u015fim Formu<\/span><span class=\"link_icon\"><\/span>\n                        <\/a><a href=\"#map\"\n                        class=\"sc_icons_item_link\">\n                        <\/a><\/div><\/div><\/div><\/div><\/div><!-- \/.sc_icons -->\t\t\t\t<\/div>\n\t\t\t\t<\/div>\n\t\t\t\t\t<\/div>\n\t\t<\/div>\n\t\t\t\t\t<\/div>\n\t\t<\/section>\n\t\t\t\t<div class=\"elementor-element elementor-element-741b1d8c sc_height_huge sc_fly_static elementor-widget elementor-widget-spacer\" data-id=\"741b1d8c\" data-element_type=\"widget\" data-e-type=\"widget\" data-widget_type=\"spacer.default\">\n\t\t\t\t<div class=\"elementor-widget-container\">\n\t\t\t\t\t\t\t<div class=\"elementor-spacer\">\n\t\t\t<div class=\"elementor-spacer-inner\"><\/div>\n\t\t<\/div>\n\t\t\t\t\t\t<\/div>\n\t\t\t\t<\/div>\n\t\t\t\t\t<\/div>\n\t\t<\/div>\n\t\t\t\t\t<\/div>\n\t\t<\/section>\n\t\t\t\t<section class=\"elementor-section elementor-top-section elementor-element elementor-element-14c1513 elementor-section-full_width alter_bg elementor-section-height-default elementor-section-height-default sc_fly_static\" data-id=\"14c1513\" data-element_type=\"section\" data-e-type=\"section\" id=\"map\">\n\t\t\t\t\t\t<div class=\"elementor-container elementor-column-gap-no\">\n\t\t\t\t\t<div class=\"elementor-column elementor-col-100 elementor-top-column elementor-element elementor-element-7b31524d sc_content_align_inherit sc_layouts_column_icons_position_left sc_fly_static\" data-id=\"7b31524d\" data-element_type=\"column\" data-e-type=\"column\">\n\t\t\t<div class=\"elementor-widget-wrap elementor-element-populated\">\n\t\t\t\t\t\t<div class=\"elementor-element elementor-element-1d1fafc9 sc_fly_static elementor-widget elementor-widget-google_maps\" data-id=\"1d1fafc9\" data-element_type=\"widget\" data-e-type=\"widget\" data-widget_type=\"google_maps.default\">\n\t\t\t\t<div class=\"elementor-widget-container\">\n\t\t\t\t\t\t\t<div class=\"elementor-custom-embed\">\n\t\t\t<iframe loading=\"lazy\"\n\t\t\t\t\tsrc=\"https:\/\/maps.google.com\/maps?q=Karnas%20Vineyards&#038;t=m&#038;z=12&#038;output=embed&#038;iwloc=near\"\n\t\t\t\t\ttitle=\"Karnas Ba\u011flar\u0131\"\n\t\t\t\t\taria-label=\"Karnas Ba\u011flar\u0131\"\n\t\t\t><\/iframe>\n\t\t<\/div>\n\t\t\t\t\t\t<\/div>\n\t\t\t\t<\/div>\n\t\t\t\t<section class=\"elementor-section elementor-inner-section elementor-element elementor-element-4f32acdc form-position-abs elementor-section-boxed elementor-section-height-default elementor-section-height-default sc_fly_static\" data-id=\"4f32acdc\" data-element_type=\"section\" data-e-type=\"section\">\n\t\t\t\t\t\t<div class=\"elementor-container elementor-column-gap-no\">\n\t\t\t\t\t<div class=\"elementor-column elementor-col-50 elementor-inner-column elementor-element elementor-element-289f00ab sc_content_align_inherit sc_layouts_column_icons_position_left sc_fly_static\" data-id=\"289f00ab\" data-element_type=\"column\" data-e-type=\"column\">\n\t\t\t<div class=\"elementor-widget-wrap\">\n\t\t\t\t\t\t\t<\/div>\n\t\t<\/div>\n\t\t\t\t<div class=\"elementor-column elementor-col-50 elementor-inner-column elementor-element elementor-element-69363003 scheme_light sc_content_align_inherit sc_layouts_column_icons_position_left sc_fly_static\" data-id=\"69363003\" data-element_type=\"column\" data-e-type=\"column\" data-settings=\"{&quot;background_background&quot;:&quot;classic&quot;}\">\n\t\t\t<div class=\"elementor-widget-wrap elementor-element-populated\">\n\t\t\t\t\t\t<div class=\"elementor-element elementor-element-1b2e9bba sc_fly_static elementor-widget elementor-widget-trx_sc_title\" data-id=\"1b2e9bba\" data-element_type=\"widget\" data-e-type=\"widget\" data-widget_type=\"trx_sc_title.default\">\n\t\t\t\t<div class=\"elementor-widget-container\">\n\t\t\t\t\t<div\t\tclass=\"sc_title sc_title_default\" ><span class=\"sc_item_subtitle sc_title_subtitle sc_item_subtitle_above sc_item_title_style_default\">\u0130leti\u015fim<\/span><h2 class=\"sc_item_title sc_title_title sc_item_title_style_default\"\n\t\t\t><span class=\"sc_item_title_text\">Sorular\u0131n\u0131z m\u0131 var? \u0130leti\u015fime ge\u00e7in!<\/span><\/h2><\/div>\t\t\t\t<\/div>\n\t\t\t\t<\/div>\n\t\t\t\t<div class=\"elementor-element elementor-element-566a4e14 sc_height_tiny sc_fly_static elementor-widget elementor-widget-spacer\" data-id=\"566a4e14\" data-element_type=\"widget\" data-e-type=\"widget\" data-widget_type=\"spacer.default\">\n\t\t\t\t<div class=\"elementor-widget-container\">\n\t\t\t\t\t\t\t<div class=\"elementor-spacer\">\n\t\t\t<div class=\"elementor-spacer-inner\"><\/div>\n\t\t<\/div>\n\t\t\t\t\t\t<\/div>\n\t\t\t\t<\/div>\n\t\t\t\t<div class=\"elementor-element elementor-element-612d898b sc_fly_static elementor-widget elementor-widget-trx_sc_contact_form_7\" data-id=\"612d898b\" data-element_type=\"widget\" data-e-type=\"widget\" data-widget_type=\"trx_sc_contact_form_7.default\">\n\t\t\t\t<div class=\"elementor-widget-container\">\n\t\t\t\t\t\n<div class=\"wpcf7 no-js\" id=\"wpcf7-f1395-o1\" lang=\"en-US\" dir=\"ltr\" data-wpcf7-id=\"1395\">\n<div class=\"screen-reader-response\"><p role=\"status\" aria-live=\"polite\" aria-atomic=\"true\"><\/p> <ul><\/ul><\/div>\n<form action=\"\/tr\/wp-json\/wp\/v2\/pages\/20466#wpcf7-f1395-o1\" method=\"post\" class=\"wpcf7-form init\" aria-label=\"Contact form\" novalidate=\"novalidate\" data-status=\"init\" data-trp-original-action=\"\/tr\/wp-json\/wp\/v2\/pages\/20466#wpcf7-f1395-o1\">\n<fieldset class=\"hidden-fields-container\"><input type=\"hidden\" name=\"_wpcf7\" value=\"1395\" \/><input type=\"hidden\" name=\"_wpcf7_version\" value=\"6.1.5\" \/><input type=\"hidden\" name=\"_wpcf7_locale\" value=\"en_US\" \/><input type=\"hidden\" name=\"_wpcf7_unit_tag\" value=\"wpcf7-f1395-o1\" \/><input type=\"hidden\" name=\"_wpcf7_container_post\" value=\"0\" \/><input type=\"hidden\" name=\"_wpcf7_posted_data_hash\" value=\"\" \/>\n<\/fieldset>\n<div class=\"form-style-6\">\n\t<div class=\"columns_wrap\">\n\t\t<div class=\"column-1_2\">\n\t\t\t<p><span class=\"style-line\"><span class=\"wpcf7-form-control-wrap\" data-name=\"your-name\"><input size=\"40\" maxlength=\"400\" class=\"wpcf7-form-control wpcf7-text wpcf7-validates-as-required\" aria-required=\"true\" aria-invalid=\"false\" placeholder=\"\u0130sim\" value=\"\" type=\"text\" name=\"your-name\" \/><\/span><\/span>\n\t\t\t<\/p>\n\t\t<\/div>\n\t\t<div class=\"column-1_2\">\n\t\t\t<p><span class=\"style-line\"><span class=\"wpcf7-form-control-wrap\" data-name=\"your-last-name\"><input size=\"40\" maxlength=\"400\" class=\"wpcf7-form-control wpcf7-text wpcf7-validates-as-required\" aria-required=\"true\" aria-invalid=\"false\" placeholder=\"Soyisim\" value=\"\" type=\"text\" name=\"your-last-name\" \/><\/span><\/span>\n\t\t\t<\/p>\n\t\t<\/div>\n\t<\/div>\n\t<div class=\"columns_wrap margin-bottom\">\n\t\t<div class=\"column-1_2\">\n\t\t\t<p><span class=\"style-line\"><span class=\"wpcf7-form-control-wrap\" data-name=\"your-email\"><input size=\"40\" maxlength=\"400\" class=\"wpcf7-form-control wpcf7-email wpcf7-validates-as-required wpcf7-text wpcf7-validates-as-email\" aria-required=\"true\" aria-invalid=\"false\" placeholder=\"E-Posta:\" value=\"\" type=\"email\" name=\"your-email\" \/><\/span><\/span>\n\t\t\t<\/p>\n\t\t<\/div>\n\t\t<div class=\"column-1_2\">\n\t\t\t<p><span class=\"style-line\"><span class=\"wpcf7-form-control-wrap\" data-name=\"residence\"><select class=\"wpcf7-form-control wpcf7-select\" aria-invalid=\"false\" name=\"residence\"><option value=\"Select Services\">Hizmet Se\u00e7in<\/option><option value=\"Set Menu\">Set Men\u00fc<\/option><option value=\"Tasting Set\">Tad\u0131m Men\u00fcs\u00fc<\/option><option value=\"Alacart\">Alakart<\/option><\/select><\/span><\/span>\n\t\t\t<\/p>\n\t\t<\/div>\n\t<\/div>\n\t<div class=\"columns_wrap margin-bottom\">\n\t\t<div class=\"column-1_1\">\n\t\t\t<p><span class=\"style-line\"><span class=\"wpcf7-form-control-wrap\" data-name=\"your-message\"><textarea cols=\"40\" rows=\"10\" maxlength=\"2000\" class=\"wpcf7-form-control wpcf7-textarea wpcf7-validates-as-required\" aria-required=\"true\" aria-invalid=\"false\" placeholder=\"Mesaj\u0131n\u0131z\" name=\"your-message\"><\/textarea><\/span><\/span>\n\t\t\t<\/p>\n\t\t<\/div>\n\t<\/div>\n\t<p><input class=\"wpcf7-form-control wpcf7-submit has-spinner\" type=\"submit\" value=\"\u0130leti\u015fime Ge\u00e7in\" \/>\n\t<\/p>\n<\/div><div class=\"wpcf7-response-output\" aria-hidden=\"true\"><\/div>\n<input type=\"hidden\" name=\"trp-form-language\" value=\"tr\"\/><\/form>\n<\/div>\n\t\t\t\t<\/div>\n\t\t\t\t<\/div>\n\t\t\t\t<div class=\"elementor-element elementor-element-cd1aa18 sc_height_huge sc_layouts_hide_on_wide sc_layouts_hide_on_desktop sc_layouts_hide_on_notebook sc_layouts_hide_on_tablet sc_fly_static elementor-widget elementor-widget-spacer\" data-id=\"cd1aa18\" data-element_type=\"widget\" data-e-type=\"widget\" data-widget_type=\"spacer.default\">\n\t\t\t\t<div class=\"elementor-widget-container\">\n\t\t\t\t\t\t\t<div class=\"elementor-spacer\">\n\t\t\t<div class=\"elementor-spacer-inner\"><\/div>\n\t\t<\/div>\n\t\t\t\t\t\t<\/div>\n\t\t\t\t<\/div>\n\t\t\t\t\t<\/div>\n\t\t<\/div>\n\t\t\t\t\t<\/div>\n\t\t<\/section>\n\t\t\t\t\t<\/div>\n\t\t<\/div>\n\t\t\t\t\t<\/div>\n\t\t<\/section>\n\t\t\t\t<\/div>","protected":false},"excerpt":{"rendered":"<p>Hizmet Saatleri Sal\u0131-Pazar: 00:30 &#8211; 23:00Pazartesi: Kapal\u0131 Adres \u00c7\u00f6mlek\u00e7i Sokak No:400, 48400 Bodrum\/Mu\u011fla Konuma Git \u0130leti\u015fime Ge\u00e7 Telefon: +90 533 935 47 62E-posta: book@karnasvineyards.com \u0130leti\u015fim Formu Contact Us Sorular\u0131n\u0131z m\u0131&hellip;<\/p>","protected":false},"author":1,"featured_media":0,"parent":0,"menu_order":0,"comment_status":"closed","ping_status":"closed","template":"","meta":{"footnotes":""},"class_list":["post-20466","page","type-page","status-publish","hentry"],"_links":{"self":[{"href":"https:\/\/www.karnasbaglari.com\/tr\/wp-json\/wp\/v2\/pages\/20466","targetHints":{"allow":["GET"]}}],"collection":[{"href":"https:\/\/www.karnasbaglari.com\/tr\/wp-json\/wp\/v2\/pages"}],"about":[{"href":"https:\/\/www.karnasbaglari.com\/tr\/wp-json\/wp\/v2\/types\/page"}],"author":[{"embeddable":true,"href":"https:\/\/www.karnasbaglari.com\/tr\/wp-json\/wp\/v2\/users\/1"}],"replies":[{"embeddable":true,"href":"https:\/\/www.karnasbaglari.com\/tr\/wp-json\/wp\/v2\/comments?post=20466"}],"version-history":[{"count":9,"href":"https:\/\/www.karnasbaglari.com\/tr\/wp-json\/wp\/v2\/pages\/20466\/revisions"}],"predecessor-version":[{"id":20480,"href":"https:\/\/www.karnasbaglari.com\/tr\/wp-json\/wp\/v2\/pages\/20466\/revisions\/20480"}],"wp:attachment":[{"href":"https:\/\/www.karnasbaglari.com\/tr\/wp-json\/wp\/v2\/media?parent=20466"}],"curies":[{"name":"wp","href":"https:\/\/api.w.org\/{rel}","templated":true}]}}