{"id":19649,"date":"2024-12-10T15:14:32","date_gmt":"2024-12-10T15:14:32","guid":{"rendered":"https:\/\/www.karnasbaglari.com\/?post_type=product&#038;p=19649"},"modified":"2025-10-13T16:15:59","modified_gmt":"2025-10-13T16:15:59","slug":"tasting-menu","status":"publish","type":"product","link":"https:\/\/www.karnasbaglari.com\/tr\/urun\/tasting-menu\/","title":{"rendered":"TADIM MEN\u00dcS\u00dc (12:30 \u2013 18:00)"},"content":{"rendered":"<p><strong>All our prices are subject to 10% service charge<\/strong><\/p>\n<ul>\n<li>Four tasting glasses of Karnas wines<br \/>\nKarnas, Sauvignon Blanc 2022, White<br \/>\nKarnas, White Zinfandel 2023, Rose<br \/>\nKarnitas, Zinfandel &amp; Syrah 2020, Red<br \/>\nKarnas, Syrah 2018, Red<\/li>\n<li>Cheese plate<\/li>\n<li>Nibbles plate<\/li>\n<li>Cellar tour<\/li>\n<\/ul>","protected":false},"excerpt":{"rendered":"<p>\u26a0\ufe0f Notice \/ Dikkat: Karnas Vineyards is closed on Mondays. L\u00fctfen Pazartesi g\u00fcnleri i\u00e7in rezervasyon yapmay\u0131n\u0131z.<br \/>\n<strong>All our prices are subject to 10% service charge<\/strong><\/p>","protected":false},"featured_media":19807,"comment_status":"open","ping_status":"closed","template":"","meta":[],"product_brand":[],"product_cat":[228,183],"product_tag":[199,201,205,200,204,202,203],"class_list":{"0":"post-19649","1":"product","2":"type-product","3":"status-publish","4":"has-post-thumbnail","6":"product_cat-booking","7":"product_cat-tours-tastings","8":"product_tag-aegean-flavors","9":"product_tag-cellar-experience","10":"product_tag-flavor-discovery","11":"product_tag-tasting-set","12":"product_tag-vineyard-tour","13":"product_tag-wine-journey","14":"product_tag-wine-tasting","16":"first","17":"instock","18":"virtual","19":"purchasable","20":"product-type-simple"},"_links":{"self":[{"href":"https:\/\/www.karnasbaglari.com\/tr\/wp-json\/wp\/v2\/product\/19649","targetHints":{"allow":["GET"]}}],"collection":[{"href":"https:\/\/www.karnasbaglari.com\/tr\/wp-json\/wp\/v2\/product"}],"about":[{"href":"https:\/\/www.karnasbaglari.com\/tr\/wp-json\/wp\/v2\/types\/product"}],"replies":[{"embeddable":true,"href":"https:\/\/www.karnasbaglari.com\/tr\/wp-json\/wp\/v2\/comments?post=19649"}],"wp:featuredmedia":[{"embeddable":true,"href":"https:\/\/www.karnasbaglari.com\/tr\/wp-json\/wp\/v2\/media\/19807"}],"wp:attachment":[{"href":"https:\/\/www.karnasbaglari.com\/tr\/wp-json\/wp\/v2\/media?parent=19649"}],"wp:term":[{"taxonomy":"product_brand","embeddable":true,"href":"https:\/\/www.karnasbaglari.com\/tr\/wp-json\/wp\/v2\/product_brand?post=19649"},{"taxonomy":"product_cat","embeddable":true,"href":"https:\/\/www.karnasbaglari.com\/tr\/wp-json\/wp\/v2\/product_cat?post=19649"},{"taxonomy":"product_tag","embeddable":true,"href":"https:\/\/www.karnasbaglari.com\/tr\/wp-json\/wp\/v2\/product_tag?post=19649"}],"curies":[{"name":"wp","href":"https:\/\/api.w.org\/{rel}","templated":true}]}}