{"id":19650,"date":"2024-12-10T15:21:38","date_gmt":"2024-12-10T15:21:38","guid":{"rendered":"https:\/\/www.karnasbaglari.com\/?post_type=product&#038;p=19650"},"modified":"2025-10-13T16:15:28","modified_gmt":"2025-10-13T16:15:28","slug":"wine-pairing-lunch-menu","status":"publish","type":"product","link":"https:\/\/www.karnasbaglari.com\/tr\/urun\/wine-pairing-lunch-menu\/","title":{"rendered":"\u015eARAP E\u015eLE\u015eT\u0130RMEL\u0130 \u00d6\u011eLE YEME\u011e\u0130 MEN\u00dcS\u00dc (12:30-15:00)"},"content":{"rendered":"<p><strong>All our prices are inclusive 10% service charge<\/strong><\/p>\n<ul>\n<li>Three glasses of Karnas wine<br \/>\nKarnas, White Zinfandel 2023, Rose<br \/>\nKarnitas, Zinfandel &amp; Syrah 2020, Red<br \/>\nKarnas, Syrah 2018, Red or Karnas, Sauvignon Blanc 2022, White<\/li>\n<li>Three courses meal<\/li>\n<li>Dessert<\/li>\n<li>Cellar Tour<\/li>\n<\/ul>","protected":false},"excerpt":{"rendered":"<p>\u26a0\ufe0f Notice \/ Dikkat: Karnas Vineyards is closed on Mondays. L\u00fctfen Pazartesi g\u00fcnleri i\u00e7in rezervasyon yapmay\u0131n\u0131z.<br \/>\n<strong>All our prices are inclusive 10% service charge<\/strong><\/p>","protected":false},"featured_media":19809,"comment_status":"open","ping_status":"closed","template":"","meta":[],"product_brand":[],"product_cat":[195],"product_tag":[208,211,212,214,207,209,204,213,206,210],"class_list":{"0":"post-19650","1":"product","2":"type-product","3":"status-publish","4":"has-post-thumbnail","6":"product_cat-set-menu","7":"product_tag-cellar-visit","8":"product_tag-culinary-journey","9":"product_tag-food-and-wine","10":"product_tag-gourmet-lunch","11":"product_tag-lunch-experience","12":"product_tag-tasting-menu","13":"product_tag-vineyard-tour","14":"product_tag-wine-experience","15":"product_tag-wine-pairing","16":"product_tag-wine-set","18":"first","19":"instock","20":"shipping-taxable","21":"purchasable","22":"product-type-simple"},"_links":{"self":[{"href":"https:\/\/www.karnasbaglari.com\/tr\/wp-json\/wp\/v2\/product\/19650","targetHints":{"allow":["GET"]}}],"collection":[{"href":"https:\/\/www.karnasbaglari.com\/tr\/wp-json\/wp\/v2\/product"}],"about":[{"href":"https:\/\/www.karnasbaglari.com\/tr\/wp-json\/wp\/v2\/types\/product"}],"replies":[{"embeddable":true,"href":"https:\/\/www.karnasbaglari.com\/tr\/wp-json\/wp\/v2\/comments?post=19650"}],"wp:featuredmedia":[{"embeddable":true,"href":"https:\/\/www.karnasbaglari.com\/tr\/wp-json\/wp\/v2\/media\/19809"}],"wp:attachment":[{"href":"https:\/\/www.karnasbaglari.com\/tr\/wp-json\/wp\/v2\/media?parent=19650"}],"wp:term":[{"taxonomy":"product_brand","embeddable":true,"href":"https:\/\/www.karnasbaglari.com\/tr\/wp-json\/wp\/v2\/product_brand?post=19650"},{"taxonomy":"product_cat","embeddable":true,"href":"https:\/\/www.karnasbaglari.com\/tr\/wp-json\/wp\/v2\/product_cat?post=19650"},{"taxonomy":"product_tag","embeddable":true,"href":"https:\/\/www.karnasbaglari.com\/tr\/wp-json\/wp\/v2\/product_tag?post=19650"}],"curies":[{"name":"wp","href":"https:\/\/api.w.org\/{rel}","templated":true}]}}