{"id":19693,"date":"2024-12-11T14:01:11","date_gmt":"2024-12-11T14:01:11","guid":{"rendered":"https:\/\/www.karnasbaglari.com\/?post_type=product&#038;p=19693"},"modified":"2025-10-13T16:13:08","modified_gmt":"2025-10-13T16:13:08","slug":"alacarte-menu","status":"publish","type":"product","link":"https:\/\/www.karnasbaglari.com\/tr\/urun\/alacarte-menu\/","title":{"rendered":"Alakart Men\u00fc (Rezervasyon \u00d6n \u00d6deme) 12:30 \u2013 18:00"},"content":{"rendered":"<h4>Ba\u015flang\u0131\u00e7lar \/ Starters<\/h4>\n<ul>\n<li>Meyveli &amp; peynirli ba\u011f salatas\u0131<br \/>\nVineyard salad with fruits &amp; grated cheese<\/li>\n<li>Caprese salatas\u0131, burrata, domates &amp; fesle\u011fen ile<br \/>\nCaprese salad served with burrata, tomato &amp; basil<\/li>\n<li>Glutensiz, k\u0131rm\u0131z\u0131 lahana k\u0131s\u0131r<br \/>\nGluten-free Turkish tabbouleh with red cabbage<\/li>\n<li>Sigara &amp; muska b\u00f6rekleri, yan\u0131nda g\u00fcn\u00fcn zeytinya\u011fl\u0131s\u0131 ile at\u0131\u015ft\u0131rmal\u0131k taba\u011f\u0131<br \/>\nNibbles plate, serving boreks with meat &amp; cheese stuffing and olive oil cooked vegetables<\/li>\n<li>12 ka\u015f\u0131kta meze<br \/>\nMezze varieties over 12 spoons<\/li>\n<li>K\u00f6z pancar \u00fczerinde \u0131zgara k\u00f6y peyniri, rokforlu ezme peynir ile<br \/>\nGrilled village cheese served over baked beetroot with homemade blue cheese dressing<\/li>\n<li>Peynir taba\u011f\u0131<br \/>\nCheese board<\/li>\n<li>\u015eark\u00fcteri taba\u011f\u0131<br \/>\nCharcuterie board<\/li>\n<li>Peynir &amp; \u015fark\u00fcteri miks<br \/>\nCheese &amp; charcuterie mix<\/li>\n<\/ul>\n<h4>Tad\u0131m Setleri \/ Tasting Sets<\/h4>\n<p><strong>Klasik Tad\u0131m (3&#8217;l\u00fc tad\u0131m)<\/strong><\/p>\n<ul>\n<li>Karnas Sauvignon Blanc, 2022 &#8211; Beyaz<\/li>\n<li>Karnas &#8216;White Zinfandel&#8217;, 2023 &#8211; Roze<\/li>\n<li>Karnas Syrah, 2018 &#8211; K\u0131rm\u0131z\u0131<\/li>\n<\/ul>\n<p><strong>Mahzen Tad\u0131m (4&#8217;l\u00fc tad\u0131m)<\/strong><\/p>\n<ul>\n<li>Karnas Sauvignon Blanc, 2022 &#8211; Beyaz<\/li>\n<li>Karnas &#8216;White Zinfandel&#8217;, 2023 &#8211; Roze<\/li>\n<li>Karnitas Zinfandel &amp; Syrah, 2020 &#8211; K\u0131rm\u0131z\u0131<\/li>\n<li>Karnas Syrah, 2018 &#8211; K\u0131rm\u0131z\u0131<\/li>\n<\/ul>\n<h4>Ana Yemek \/ Main Course<\/h4>\n<ul>\n<li>Mantarl\u0131, cevizli &amp; sebzeli pappardelle<br \/>\nPappardelle with mushrooms, walnuts &amp; vegetables<\/li>\n<li>Bolonez soslu ev yap\u0131m\u0131 lazanya<br \/>\nHomemade lasagna with bolognese sauce<\/li>\n<li>Deniz mahs\u00fcll\u00fc pappardelle<br \/>\nPappardelle with seafood<\/li>\n<li>Zeytinya\u011fl\u0131, patl\u0131canl\u0131 &amp; otlu pilav<br \/>\nAegean-style paella with eggplants &amp; herbs<\/li>\n<li>Bazlama \u00fczerinde domates soslu k\u00f6fte<br \/>\nMeatballs served with tomato sauce over homemade local bread<\/li>\n<li>A\u011f\u0131r ate\u015fte uzun saatler pi\u015fmi\u015f kuzu kapama, yan\u0131nda vi\u015fneli pilav<br \/>\nSlow-cooked braised lamb with herbs served with sour cherry rice<\/li>\n<li>Bazlama \u00fczerinde dana tirit<br \/>\nSlow-cooked shredded beef served over homemade pita bread<\/li>\n<li>Narenciye aromal\u0131 kaya levre\u011fi, yan\u0131nda hafif ate\u015fte sotelenmi\u015f sebzeler<br \/>\nCitrus-flavored deep water seabass served over a bed of stir-fried veggies<\/li>\n<li>\u015earapla tatland\u0131r\u0131lm\u0131\u015f Karnas dondurmas\u0131<br \/>\nKarnas ice cream seasoned with wine<\/li>\n<\/ul>","protected":false},"excerpt":{"rendered":"<p>\u26a0\ufe0f Notice \/ Dikkat: Karnas Vineyards is closed on Mondays. L\u00fctfen Pazartesi g\u00fcnleri i\u00e7in rezervasyon yapmay\u0131n\u0131z.<\/p>\n<p>Alakart Men\u00fcs\u00fc \/ Alacarte Menu<br \/>\n18:00&#8217;a kadar \/ till 18:00<\/p>","protected":false},"featured_media":19808,"comment_status":"open","ping_status":"closed","template":"","meta":[],"product_brand":[],"product_cat":[196],"product_tag":[225,226,224,223,221,204,206,203,222],"class_list":{"0":"post-19693","1":"product","2":"type-product","3":"status-publish","4":"has-post-thumbnail","6":"product_cat-alacarte","7":"product_tag-aegean-cuisine","8":"product_tag-fine-dining","9":"product_tag-gourmet-dining","10":"product_tag-tasting-sets","11":"product_tag-vineyard-experience","12":"product_tag-vineyard-tour","13":"product_tag-wine-pairing","14":"product_tag-wine-tasting","15":"product_tag-winter-menu","17":"first","18":"instock","19":"virtual","20":"purchasable","21":"product-type-simple"},"_links":{"self":[{"href":"https:\/\/www.karnasbaglari.com\/tr\/wp-json\/wp\/v2\/product\/19693","targetHints":{"allow":["GET"]}}],"collection":[{"href":"https:\/\/www.karnasbaglari.com\/tr\/wp-json\/wp\/v2\/product"}],"about":[{"href":"https:\/\/www.karnasbaglari.com\/tr\/wp-json\/wp\/v2\/types\/product"}],"replies":[{"embeddable":true,"href":"https:\/\/www.karnasbaglari.com\/tr\/wp-json\/wp\/v2\/comments?post=19693"}],"wp:featuredmedia":[{"embeddable":true,"href":"https:\/\/www.karnasbaglari.com\/tr\/wp-json\/wp\/v2\/media\/19808"}],"wp:attachment":[{"href":"https:\/\/www.karnasbaglari.com\/tr\/wp-json\/wp\/v2\/media?parent=19693"}],"wp:term":[{"taxonomy":"product_brand","embeddable":true,"href":"https:\/\/www.karnasbaglari.com\/tr\/wp-json\/wp\/v2\/product_brand?post=19693"},{"taxonomy":"product_cat","embeddable":true,"href":"https:\/\/www.karnasbaglari.com\/tr\/wp-json\/wp\/v2\/product_cat?post=19693"},{"taxonomy":"product_tag","embeddable":true,"href":"https:\/\/www.karnasbaglari.com\/tr\/wp-json\/wp\/v2\/product_tag?post=19693"}],"curies":[{"name":"wp","href":"https:\/\/api.w.org\/{rel}","templated":true}]}}