{"id":20395,"date":"2026-02-23T22:00:50","date_gmt":"2026-02-23T22:00:50","guid":{"rendered":"https:\/\/www.karnasbaglari.com\/?post_type=product&#038;p=20395"},"modified":"2026-02-23T22:32:11","modified_gmt":"2026-02-23T22:32:11","slug":"alakart-menu-rezervasyon-on-odemesi-1230-1800","status":"publish","type":"product","link":"https:\/\/www.karnasbaglari.com\/tr\/urun\/alakart-menu-rezervasyon-on-odemesi-1230-1800\/","title":{"rendered":"Alakart Men\u00fc (Rezervasyon \u00d6n \u00d6demesi) 12:30 &#8211; 18:00"},"content":{"rendered":"<h4>BA\u015eLANGI\u00c7LAR<\/h4>\n<ul>\n<li>Meyveli ve peynirli ba\u011f salatas\u0131<\/li>\n<li>Burrata, domates ve fesle\u011fenli Caprese salatas\u0131<\/li>\n<li>Gl\u00fctensiz k\u0131rm\u0131z\u0131 lahana k\u0131s\u0131r<\/li>\n<li>Sigara ve muska b\u00f6rekleri, yan\u0131nda g\u00fcn\u00fcn zeytinya\u011fl\u0131s\u0131 ile at\u0131\u015ft\u0131rmal\u0131k taba\u011f\u0131<\/li>\n<li>12 ka\u015f\u0131kta meze \u00e7e\u015fitleri<\/li>\n<li>K\u00f6z pancar \u00fczerinde \u0131zgara k\u00f6y peyniri, rokforlu ezme peynir ile<\/li>\n<li>Peynir taba\u011f\u0131<\/li>\n<li>\u015eark\u00fcteri taba\u011f\u0131<\/li>\n<li>Peynir ve \u015fark\u00fcteri miks taba\u011f\u0131<\/li>\n<\/ul>\n<h4>TADIM SETLER\u0130<\/h4>\n<h6>Klasik Tad\u0131m (3\u2019l\u00fc Tad\u0131m)<\/h6>\n<ul>\n<li>Karnas Sauvignon Blanc, 2022 \u2013 Beyaz<\/li>\n<li>Karnas White Zinfandel, 2023 \u2013 Roze<\/li>\n<li>Karnas Syrah, 2018 \u2013 K\u0131rm\u0131z\u0131<\/li>\n<\/ul>\n<h6>Mahzen Tad\u0131m (4\u2019l\u00fc Tad\u0131m)<\/h6>\n<ul>\n<li>Karnas Sauvignon Blanc, 2022 \u2013 Beyaz<\/li>\n<li>Karnas White Zinfandel, 2023 \u2013 Roze<\/li>\n<li>Karnitas Zinfandel &amp; Syrah, 2020 \u2013 K\u0131rm\u0131z\u0131<\/li>\n<li>Karnas Syrah, 2018 \u2013 K\u0131rm\u0131z\u0131<\/li>\n<\/ul>\n<h4>ANA YEMEKLER<\/h4>\n<ul>\n<li>Mantarl\u0131, cevizli ve sebzeli pappardelle<\/li>\n<li>Bolonez soslu ev yap\u0131m\u0131 lazanya<\/li>\n<li>Deniz mahs\u00fcll\u00fc pappardelle<\/li>\n<li>Zeytinya\u011fl\u0131, patl\u0131canl\u0131 ve otlu pilav<\/li>\n<li>Bazlama \u00fczerinde domates soslu k\u00f6fte<\/li>\n<li>A\u011f\u0131r ate\u015fte uzun saatler pi\u015fmi\u015f kuzu kapama, yan\u0131nda vi\u015fneli pilav<\/li>\n<li>Bazlama \u00fczerinde dana tirit<\/li>\n<li>Narenciye aromal\u0131 kaya levre\u011fi, yan\u0131nda hafif sotelenmi\u015f sebzeler<\/li>\n<li>\u015earapla tatland\u0131r\u0131lm\u0131\u015f Karnas dondurmas\u0131<\/li>\n<\/ul>","protected":false},"excerpt":{"rendered":"<p>\u26a0\ufe0f Notice \/ Dikkat: Karnas Vineyards is closed on Mondays. L\u00fctfen Pazartesi g\u00fcnleri i\u00e7in rezervasyon yapmay\u0131n\u0131z.<\/p>\n<p>Alakart Men\u00fcs\u00fc \/ Alacarte Menu<br \/>\n18:00&#8217;a kadar \/ till 18:00<\/p>","protected":false},"featured_media":19808,"comment_status":"open","ping_status":"closed","template":"","meta":[],"product_brand":[],"product_cat":[263,262],"product_tag":[269,270,266,226,267,273,271,272,268],"class_list":{"0":"post-20395","1":"product","2":"type-product","3":"status-publish","4":"has-post-thumbnail","6":"product_cat-alakart","7":"product_cat-rezervasyon-secenekleri","8":"product_tag-bag-deneyimi","9":"product_tag-bag-turu","10":"product_tag-ege-mutfagi","11":"product_tag-fine-dining","12":"product_tag-gurme-yemek-deneyimi","13":"product_tag-kis-menusu","14":"product_tag-sarap-eslestirme","15":"product_tag-sarap-tadimi","16":"product_tag-tadim-menuleri","18":"first","19":"instock","20":"virtual","21":"purchasable","22":"product-type-simple"},"_links":{"self":[{"href":"https:\/\/www.karnasbaglari.com\/tr\/wp-json\/wp\/v2\/product\/20395","targetHints":{"allow":["GET"]}}],"collection":[{"href":"https:\/\/www.karnasbaglari.com\/tr\/wp-json\/wp\/v2\/product"}],"about":[{"href":"https:\/\/www.karnasbaglari.com\/tr\/wp-json\/wp\/v2\/types\/product"}],"replies":[{"embeddable":true,"href":"https:\/\/www.karnasbaglari.com\/tr\/wp-json\/wp\/v2\/comments?post=20395"}],"wp:featuredmedia":[{"embeddable":true,"href":"https:\/\/www.karnasbaglari.com\/tr\/wp-json\/wp\/v2\/media\/19808"}],"wp:attachment":[{"href":"https:\/\/www.karnasbaglari.com\/tr\/wp-json\/wp\/v2\/media?parent=20395"}],"wp:term":[{"taxonomy":"product_brand","embeddable":true,"href":"https:\/\/www.karnasbaglari.com\/tr\/wp-json\/wp\/v2\/product_brand?post=20395"},{"taxonomy":"product_cat","embeddable":true,"href":"https:\/\/www.karnasbaglari.com\/tr\/wp-json\/wp\/v2\/product_cat?post=20395"},{"taxonomy":"product_tag","embeddable":true,"href":"https:\/\/www.karnasbaglari.com\/tr\/wp-json\/wp\/v2\/product_tag?post=20395"}],"curies":[{"name":"wp","href":"https:\/\/api.w.org\/{rel}","templated":true}]}}