{"id":20396,"date":"2026-02-23T22:10:13","date_gmt":"2026-02-23T22:10:13","guid":{"rendered":"https:\/\/www.karnasbaglari.com\/?post_type=product&#038;p=20396"},"modified":"2026-02-23T22:32:34","modified_gmt":"2026-02-23T22:32:34","slug":"sarap-eslestirmeli-aksam-yemegi-menusu-1830-2200","status":"publish","type":"product","link":"https:\/\/www.karnasbaglari.com\/tr\/urun\/sarap-eslestirmeli-aksam-yemegi-menusu-1830-2200\/","title":{"rendered":"\u015eARAP E\u015eLE\u015eT\u0130RMEL\u0130 AK\u015eAM YEME\u011e\u0130 MEN\u00dcS\u00dc (18:30 &#8211; 22:00)"},"content":{"rendered":"<p data-start=\"0\" data-end=\"45\">T\u00fcm fiyatlar\u0131m\u0131za %10 servis \u00fccreti dahildir.<\/p>\n<p data-start=\"47\" data-end=\"65\">D\u00f6rt kadeh \u015farap<\/p>\n<ul data-start=\"66\" data-end=\"222\">\n<li data-start=\"66\" data-end=\"105\">\n<p data-start=\"68\" data-end=\"105\">Karnas, Sauvignon Blanc 2022, Beyaz<\/p>\n<\/li>\n<li data-start=\"106\" data-end=\"144\">\n<p data-start=\"108\" data-end=\"144\">Karnas, White Zinfandel 2023, Roze<\/p>\n<\/li>\n<li data-start=\"145\" data-end=\"190\">\n<p data-start=\"147\" data-end=\"190\">Karnitas, Zinfandel &amp; Syrah 2020, K\u0131rm\u0131z\u0131<\/p>\n<\/li>\n<li data-start=\"191\" data-end=\"222\">\n<p data-start=\"193\" data-end=\"222\">Karnas, Syrah 2018, K\u0131rm\u0131z\u0131<\/p>\n<\/li>\n<\/ul>\n<p data-start=\"224\" data-end=\"230\">veya<\/p>\n<ul data-start=\"232\" data-end=\"266\">\n<li data-start=\"232\" data-end=\"266\">\n<p data-start=\"234\" data-end=\"266\">Karnas, Vermentino 2023, Beyaz<\/p>\n<\/li>\n<\/ul>\n<p data-start=\"268\" data-end=\"334\" data-is-only-node=\"\">D\u00f6rt a\u015famal\u0131 \u015farap e\u015fle\u015ftirmeli yemek men\u00fcs\u00fc<br data-start=\"312\" data-end=\"315\" \/>Tatl\u0131<br data-start=\"320\" data-end=\"323\" \/>Mahzen Turu<\/p>","protected":false},"excerpt":{"rendered":"<p>\u26a0\ufe0f Notice \/ Dikkat: Karnas Vineyards is closed on Mondays. L\u00fctfen Pazartesi g\u00fcnleri i\u00e7in rezervasyon yapmay\u0131n\u0131z.<br \/>\n<strong>All our prices are inclusive 10% service charge<\/strong><\/p>","protected":false},"featured_media":19806,"comment_status":"open","ping_status":"closed","template":"","meta":[],"product_brand":[],"product_cat":[262,264],"product_tag":[276,270,275,278,274,277,271,281,280,279],"class_list":{"0":"post-20396","1":"product","2":"type-product","3":"status-publish","4":"has-post-thumbnail","6":"product_cat-rezervasyon-secenekleri","7":"product_cat-sabit-menu","8":"product_tag-aksam-yemegi-deneyimi","9":"product_tag-bag-turu","10":"product_tag-gastronomik-eslestirme","11":"product_tag-gurme-aksam-yemegi","12":"product_tag-mahzen-ziyareti","13":"product_tag-ozel-deneyim","14":"product_tag-sarap-eslestirme","15":"product_tag-sarap-seckisi","16":"product_tag-sarap-ve-yemek","17":"product_tag-tadim-menusu","19":"first","20":"instock","21":"shipping-taxable","22":"purchasable","23":"product-type-simple"},"_links":{"self":[{"href":"https:\/\/www.karnasbaglari.com\/tr\/wp-json\/wp\/v2\/product\/20396","targetHints":{"allow":["GET"]}}],"collection":[{"href":"https:\/\/www.karnasbaglari.com\/tr\/wp-json\/wp\/v2\/product"}],"about":[{"href":"https:\/\/www.karnasbaglari.com\/tr\/wp-json\/wp\/v2\/types\/product"}],"replies":[{"embeddable":true,"href":"https:\/\/www.karnasbaglari.com\/tr\/wp-json\/wp\/v2\/comments?post=20396"}],"wp:featuredmedia":[{"embeddable":true,"href":"https:\/\/www.karnasbaglari.com\/tr\/wp-json\/wp\/v2\/media\/19806"}],"wp:attachment":[{"href":"https:\/\/www.karnasbaglari.com\/tr\/wp-json\/wp\/v2\/media?parent=20396"}],"wp:term":[{"taxonomy":"product_brand","embeddable":true,"href":"https:\/\/www.karnasbaglari.com\/tr\/wp-json\/wp\/v2\/product_brand?post=20396"},{"taxonomy":"product_cat","embeddable":true,"href":"https:\/\/www.karnasbaglari.com\/tr\/wp-json\/wp\/v2\/product_cat?post=20396"},{"taxonomy":"product_tag","embeddable":true,"href":"https:\/\/www.karnasbaglari.com\/tr\/wp-json\/wp\/v2\/product_tag?post=20396"}],"curies":[{"name":"wp","href":"https:\/\/api.w.org\/{rel}","templated":true}]}}