{"id":20397,"date":"2026-02-23T22:12:28","date_gmt":"2026-02-23T22:12:28","guid":{"rendered":"https:\/\/www.karnasbaglari.com\/?post_type=product&#038;p=20397"},"modified":"2026-02-23T22:33:46","modified_gmt":"2026-02-23T22:33:46","slug":"sarap-eslestirmeli-ogle-yemegi-menusu-1230-1500","status":"publish","type":"product","link":"https:\/\/www.karnasbaglari.com\/tr\/urun\/sarap-eslestirmeli-ogle-yemegi-menusu-1230-1500\/","title":{"rendered":"\u015eARAP E\u015eLE\u015eT\u0130RMEL\u0130 \u00d6\u011eLE YEME\u011e\u0130 MEN\u00dcS\u00dc (12:30-15:00)"},"content":{"rendered":"<p data-start=\"0\" data-end=\"45\"><strong>T\u00fcm fiyatlar\u0131m\u0131za %10 servis \u00fccreti dahildir.<\/strong><\/p>\n<p data-start=\"47\" data-end=\"71\">\u00dc\u00e7 kadeh Karnas \u015farab\u0131<\/p>\n<ul>\n<li data-start=\"72\" data-end=\"110\">\n<p data-start=\"74\" data-end=\"110\">Karnas, White Zinfandel 2023, Roze<\/p>\n<\/li>\n<li data-start=\"111\" data-end=\"156\">\n<p data-start=\"113\" data-end=\"156\">Karnitas, Zinfandel &amp; Syrah 2020, K\u0131rm\u0131z\u0131<\/p>\n<\/li>\n<li data-start=\"157\" data-end=\"233\">\n<p data-start=\"159\" data-end=\"233\">Karnas, Syrah 2018, K\u0131rm\u0131z\u0131 <strong data-start=\"187\" data-end=\"195\">veya<\/strong> Karnas, Sauvignon Blanc 2022, Beyaz<\/p>\n<\/li>\n<\/ul>\n<p>\u00dc\u00e7 a\u015famal\u0131 yemek men\u00fcs\u00fc<br data-start=\"258\" data-end=\"261\" \/>Tatl\u0131<br data-start=\"266\" data-end=\"269\" \/>Mahzen Turu<\/p>","protected":false},"excerpt":{"rendered":"<p>\u26a0\ufe0f Notice \/ Dikkat: Karnas Vineyards is closed on Mondays. L\u00fctfen Pazartesi g\u00fcnleri i\u00e7in rezervasyon yapmay\u0131n\u0131z.<br \/>\n<strong>All our prices are inclusive 10% service charge<\/strong><\/p>","protected":false},"featured_media":19809,"comment_status":"open","ping_status":"closed","template":"","meta":[],"product_brand":[],"product_cat":[262,264],"product_tag":[270,282,284,274,285,286,271,287,279,283],"class_list":{"0":"post-20397","1":"product","2":"type-product","3":"status-publish","4":"has-post-thumbnail","6":"product_cat-rezervasyon-secenekleri","7":"product_cat-sabit-menu","8":"product_tag-bag-turu","9":"product_tag-gastronomik-yolculuk","10":"product_tag-gurme-ogle-yemegi","11":"product_tag-mahzen-ziyareti","12":"product_tag-ogle-yemegi-deneyimi","13":"product_tag-sarap-deneyimi","14":"product_tag-sarap-eslestirme","15":"product_tag-sarap-seti","16":"product_tag-tadim-menusu","17":"product_tag-yemek-ve-sarap","19":"first","20":"instock","21":"shipping-taxable","22":"purchasable","23":"product-type-simple"},"_links":{"self":[{"href":"https:\/\/www.karnasbaglari.com\/tr\/wp-json\/wp\/v2\/product\/20397","targetHints":{"allow":["GET"]}}],"collection":[{"href":"https:\/\/www.karnasbaglari.com\/tr\/wp-json\/wp\/v2\/product"}],"about":[{"href":"https:\/\/www.karnasbaglari.com\/tr\/wp-json\/wp\/v2\/types\/product"}],"replies":[{"embeddable":true,"href":"https:\/\/www.karnasbaglari.com\/tr\/wp-json\/wp\/v2\/comments?post=20397"}],"wp:featuredmedia":[{"embeddable":true,"href":"https:\/\/www.karnasbaglari.com\/tr\/wp-json\/wp\/v2\/media\/19809"}],"wp:attachment":[{"href":"https:\/\/www.karnasbaglari.com\/tr\/wp-json\/wp\/v2\/media?parent=20397"}],"wp:term":[{"taxonomy":"product_brand","embeddable":true,"href":"https:\/\/www.karnasbaglari.com\/tr\/wp-json\/wp\/v2\/product_brand?post=20397"},{"taxonomy":"product_cat","embeddable":true,"href":"https:\/\/www.karnasbaglari.com\/tr\/wp-json\/wp\/v2\/product_cat?post=20397"},{"taxonomy":"product_tag","embeddable":true,"href":"https:\/\/www.karnasbaglari.com\/tr\/wp-json\/wp\/v2\/product_tag?post=20397"}],"curies":[{"name":"wp","href":"https:\/\/api.w.org\/{rel}","templated":true}]}}