{"id":20398,"date":"2026-02-23T22:17:06","date_gmt":"2026-02-23T22:17:06","guid":{"rendered":"https:\/\/www.karnasbaglari.com\/?post_type=product&#038;p=20398"},"modified":"2026-02-23T22:34:11","modified_gmt":"2026-02-23T22:34:11","slug":"tadim-menusu-1230-1800","status":"publish","type":"product","link":"https:\/\/www.karnasbaglari.com\/tr\/urun\/tadim-menusu-1230-1800\/","title":{"rendered":"TADIM MEN\u00dcS\u00dc (12:30 &#8211; 18:00)"},"content":{"rendered":"<p data-start=\"0\" data-end=\"40\"><strong>T\u00fcm fiyatlara %10 servis \u00fccreti eklenir.<\/strong><\/p>\n<ul>\n<li>\n<p data-start=\"42\" data-end=\"82\">Karnas \u015faraplar\u0131ndan d\u00f6rt tad\u0131m kadehi<\/p>\n<ul data-start=\"83\" data-end=\"239\">\n<li data-start=\"83\" data-end=\"122\">\n<p data-start=\"85\" data-end=\"122\">Karnas, Sauvignon Blanc 2022, Beyaz<\/p>\n<\/li>\n<li data-start=\"123\" data-end=\"161\">\n<p data-start=\"125\" data-end=\"161\">Karnas, White Zinfandel 2023, Roze<\/p>\n<\/li>\n<li data-start=\"162\" data-end=\"207\">\n<p data-start=\"164\" data-end=\"207\">Karnitas, Zinfandel &amp; Syrah 2020, K\u0131rm\u0131z\u0131<\/p>\n<\/li>\n<li data-start=\"208\" data-end=\"239\">\n<p data-start=\"210\" data-end=\"239\">Karnas, Syrah 2018, K\u0131rm\u0131z\u0131<\/p>\n<\/li>\n<\/ul>\n<p data-start=\"241\" data-end=\"290\" data-is-last-node=\"\" data-is-only-node=\"\">Peynir taba\u011f\u0131<br data-start=\"254\" data-end=\"257\" \/>At\u0131\u015ft\u0131rmal\u0131k taba\u011f\u0131<br data-start=\"276\" data-end=\"279\" \/>Mahzen turu<\/p>\n<\/li>\n<\/ul>","protected":false},"excerpt":{"rendered":"<p>\u26a0\ufe0f Notice \/ Dikkat: Karnas Vineyards is closed on Mondays. L\u00fctfen Pazartesi g\u00fcnleri i\u00e7in rezervasyon yapmay\u0131n\u0131z.<br \/>\n<strong>All our prices are subject to 10% service charge<\/strong><\/p>","protected":false},"featured_media":19807,"comment_status":"open","ping_status":"closed","template":"","meta":[],"product_brand":[],"product_cat":[262,265],"product_tag":[270,288,290,289,272,292,291],"class_list":{"0":"post-20398","1":"product","2":"type-product","3":"status-publish","4":"has-post-thumbnail","6":"product_cat-rezervasyon-secenekleri","7":"product_cat-turlar-tadimlar","8":"product_tag-bag-turu","9":"product_tag-ege-lezzetleri","10":"product_tag-lezzet-kesfi","11":"product_tag-mahzen-deneyimi","12":"product_tag-sarap-tadimi","13":"product_tag-sarap-yolculugu","14":"product_tag-tadim-seti","16":"first","17":"instock","18":"virtual","19":"purchasable","20":"product-type-simple"},"_links":{"self":[{"href":"https:\/\/www.karnasbaglari.com\/tr\/wp-json\/wp\/v2\/product\/20398","targetHints":{"allow":["GET"]}}],"collection":[{"href":"https:\/\/www.karnasbaglari.com\/tr\/wp-json\/wp\/v2\/product"}],"about":[{"href":"https:\/\/www.karnasbaglari.com\/tr\/wp-json\/wp\/v2\/types\/product"}],"replies":[{"embeddable":true,"href":"https:\/\/www.karnasbaglari.com\/tr\/wp-json\/wp\/v2\/comments?post=20398"}],"wp:featuredmedia":[{"embeddable":true,"href":"https:\/\/www.karnasbaglari.com\/tr\/wp-json\/wp\/v2\/media\/19807"}],"wp:attachment":[{"href":"https:\/\/www.karnasbaglari.com\/tr\/wp-json\/wp\/v2\/media?parent=20398"}],"wp:term":[{"taxonomy":"product_brand","embeddable":true,"href":"https:\/\/www.karnasbaglari.com\/tr\/wp-json\/wp\/v2\/product_brand?post=20398"},{"taxonomy":"product_cat","embeddable":true,"href":"https:\/\/www.karnasbaglari.com\/tr\/wp-json\/wp\/v2\/product_cat?post=20398"},{"taxonomy":"product_tag","embeddable":true,"href":"https:\/\/www.karnasbaglari.com\/tr\/wp-json\/wp\/v2\/product_tag?post=20398"}],"curies":[{"name":"wp","href":"https:\/\/api.w.org\/{rel}","templated":true}]}}